{"id":13,"date":"2010-09-07T08:51:22","date_gmt":"2010-09-07T08:51:22","guid":{"rendered":"http:\/\/moebel-haus.net\/?page_id=13"},"modified":"2021-01-19T13:23:45","modified_gmt":"2021-01-19T13:23:45","slug":"impressum","status":"publish","type":"page","link":"https:\/\/moebel-haus.net\/?page_id=13","title":{"rendered":"Impressum"},"content":{"rendered":"<h4 style=\"text-align: left;\">Firmensitz<\/h4>\n<p>M\u00f6belhaus Lippmann und Schubert<br \/>\nObere Dorfstra\u00dfe 83<br \/>\n09648 Mittweida OT Frankenau<\/p>\n<p>Tel.: +49 (0)3727\/648696<br \/>\nFax: +49(0)3727\/648699<br \/>\nE-Mail: moebelhausls@yahoo.de<\/p>\n<p>Produktion<br \/>\nLeipziger Stra\u00dfe 33<br \/>\n09648 Mittweida<\/p>\n<p>Tel.: +49(0)3727\/969820<br \/>\nFax: +49(0)3727\/969825<\/p>\n<h4>Umsatzsteuer-ID<\/h4>\n<p>DE141234508<\/p>\n<h4>Gesch\u00e4ftsf\u00fchrer<\/h4>\n<p>Steffen Schubert<\/p>\n<h4>Bankverbindung<\/h4>\n<p>Volksbank Mittweida<br \/>\nBLZ: 870 961 24<br \/>\nKonto: 197 524 901<\/p>\n<p>IBAN: DE 83870961240197524901<\/p>\n<p>BIC: GENODEF1MIW<\/p>\n<h4 style=\"text-align: left;\">F\u00fcr die Vollst\u00e4ndigkeit und Richtigkeit der Informationen und Angebote, die auf dem Server der moebel-haus.net Webseite vorgehalten werden, \u00fcbernehmen wir keine Gew\u00e4hr. Die Reproduktion oder \u00dcbernahme aller Inhalte oder Teilen daraus ist nur in Absprache mit dem M\u00f6belhaus Lippmann-Schubert erlaubt.<\/h4>\n<h4>Mit dem Urteil vom 12. Mai 1998 (Az. 312 O 85\/98 &#8211; &#8220;Haftung f\u00fcr Links&#8221;) hat das Landgericht Hamburg entschieden, dass man durch die Erstellung eines Links die Inhalte der gelinkten Seite gegebenenfalls mit zu verantworten hat. Dies kann &#8211; so das Gericht &#8211; nur dadurch verhindert werden, dass man sich ausdr\u00fccklich von diesen Inhalten distanziert. Da wir keinen Einfluss auf die Gestaltung und die Inhalte der gelinkten Seiten haben, distanzieren wir uns ausdr\u00fccklich von allen Inhalten aller gelinkten Seiten und machen uns die Inhalte der gelinkten Seiten nicht zu eigen.<\/h4>\n","protected":false},"excerpt":{"rendered":"<p>Firmensitz M\u00f6belhaus Lippmann und Schubert Obere Dorfstra\u00dfe 83 09648 Mittweida OT Frankenau Tel.: +49 (0)3727\/648696 Fax: +49(0)3727\/648699 E-Mail: moebelhausls@yahoo.de Produktion Leipziger Stra\u00dfe 33 09648 Mittweida Tel.: +49(0)3727\/969820 Fax: +49(0)3727\/969825 Umsatzsteuer-ID DE141234508 Gesch\u00e4ftsf\u00fchrer Steffen Schubert Bankverbindung Volksbank Mittweida BLZ: 870 961 24 Konto: 197 524 901 IBAN: DE 83870961240197524901 BIC: GENODEF1MIW F\u00fcr die Vollst\u00e4ndigkeit und Richtigkeit&hellip;<\/p>\n<p><a class=\"more-link\" href=\"https:\/\/moebel-haus.net\/?page_id=13\">Read More<\/a><\/p>\n","protected":false},"author":1,"featured_media":0,"parent":0,"menu_order":6,"comment_status":"closed","ping_status":"closed","template":"","meta":[],"_links":{"self":[{"href":"https:\/\/moebel-haus.net\/index.php?rest_route=\/wp\/v2\/pages\/13"}],"collection":[{"href":"https:\/\/moebel-haus.net\/index.php?rest_route=\/wp\/v2\/pages"}],"about":[{"href":"https:\/\/moebel-haus.net\/index.php?rest_route=\/wp\/v2\/types\/page"}],"author":[{"embeddable":true,"href":"https:\/\/moebel-haus.net\/index.php?rest_route=\/wp\/v2\/users\/1"}],"replies":[{"embeddable":true,"href":"https:\/\/moebel-haus.net\/index.php?rest_route=%2Fwp%2Fv2%2Fcomments&post=13"}],"version-history":[{"count":6,"href":"https:\/\/moebel-haus.net\/index.php?rest_route=\/wp\/v2\/pages\/13\/revisions"}],"predecessor-version":[{"id":3741,"href":"https:\/\/moebel-haus.net\/index.php?rest_route=\/wp\/v2\/pages\/13\/revisions\/3741"}],"wp:attachment":[{"href":"https:\/\/moebel-haus.net\/index.php?rest_route=%2Fwp%2Fv2%2Fmedia&parent=13"}],"curies":[{"name":"wp","href":"https:\/\/api.w.org\/{rel}","templated":true}]}}